{"id":274,"date":"2022-04-13T20:41:29","date_gmt":"2022-04-13T20:41:29","guid":{"rendered":"https:\/\/haustechnik-schmidtre.de\/wp\/?p=274"},"modified":"2023-08-02T06:47:31","modified_gmt":"2023-08-02T06:47:31","slug":"heizung","status":"publish","type":"page","link":"https:\/\/www.schmidtre.de\/wp\/heizung\/","title":{"rendered":"Heizung"},"content":{"rendered":"\t\t<div data-elementor-type=\"wp-post\" data-elementor-id=\"274\" class=\"elementor elementor-274\" data-elementor-post-type=\"page\">\n\t\t\t\t\t\t<section class=\"elementor-section elementor-top-section elementor-element elementor-element-43ddb46 elementor-section-height-min-height elementor-section-content-middle bgios elementor-section-boxed elementor-section-height-default elementor-section-items-middle\" data-id=\"43ddb46\" data-element_type=\"section\" data-e-type=\"section\" data-settings=\"{&quot;background_background&quot;:&quot;classic&quot;,&quot;shape_divider_bottom&quot;:&quot;mountains&quot;}\">\n\t\t\t\t\t\t\t<div class=\"elementor-background-overlay\"><\/div>\n\t\t\t\t\t\t<div class=\"elementor-shape elementor-shape-bottom\" aria-hidden=\"true\" data-negative=\"false\">\n\t\t\t<svg xmlns=\"http:\/\/www.w3.org\/2000\/svg\" viewBox=\"0 0 1000 100\" preserveAspectRatio=\"none\">\n\t<path class=\"elementor-shape-fill\" opacity=\"0.33\" d=\"M473,67.3c-203.9,88.3-263.1-34-320.3,0C66,119.1,0,59.7,0,59.7V0h1000v59.7 c0,0-62.1,26.1-94.9,29.3c-32.8,3.3-62.8-12.3-75.8-22.1C806,49.6,745.3,8.7,694.9,4.7S492.4,59,473,67.3z\"\/>\n\t<path class=\"elementor-shape-fill\" opacity=\"0.66\" d=\"M734,67.3c-45.5,0-77.2-23.2-129.1-39.1c-28.6-8.7-150.3-10.1-254,39.1 s-91.7-34.4-149.2,0C115.7,118.3,0,39.8,0,39.8V0h1000v36.5c0,0-28.2-18.5-92.1-18.5C810.2,18.1,775.7,67.3,734,67.3z\"\/>\n\t<path class=\"elementor-shape-fill\" d=\"M766.1,28.9c-200-57.5-266,65.5-395.1,19.5C242,1.8,242,5.4,184.8,20.6C128,35.8,132.3,44.9,89.9,52.5C28.6,63.7,0,0,0,0 h1000c0,0-9.9,40.9-83.6,48.1S829.6,47,766.1,28.9z\"\/>\n<\/svg>\t\t<\/div>\n\t\t\t\t\t<div class=\"elementor-container elementor-column-gap-default\">\n\t\t\t\t\t<div class=\"elementor-column elementor-col-100 elementor-top-column elementor-element elementor-element-7be3b56\" data-id=\"7be3b56\" data-element_type=\"column\" data-e-type=\"column\">\n\t\t\t<div class=\"elementor-widget-wrap elementor-element-populated\">\n\t\t\t\t\t\t<div class=\"elementor-element elementor-element-9e80cb4 elementor-widget elementor-widget-text-editor\" data-id=\"9e80cb4\" data-element_type=\"widget\" data-e-type=\"widget\" data-widget_type=\"text-editor.default\">\n\t\t\t\t<div class=\"elementor-widget-container\">\n\t\t\t\t\t\t\t\t\tMit uns bleibt&#8217;s warm\t\t\t\t\t\t\t\t<\/div>\n\t\t\t\t<\/div>\n\t\t\t\t<div class=\"elementor-element elementor-element-f3c3d02 elementor-widget elementor-widget-heading\" data-id=\"f3c3d02\" data-element_type=\"widget\" data-e-type=\"widget\" data-widget_type=\"heading.default\">\n\t\t\t\t<div class=\"elementor-widget-container\">\n\t\t\t\t\t<h2 class=\"elementor-heading-title elementor-size-default\">Heizungsanlagen als ganzheitliche L\u00f6sung von A-Z<\/h2>\t\t\t\t<\/div>\n\t\t\t\t<\/div>\n\t\t\t\t<div class=\"elementor-element elementor-element-55fea27 elementor-widget elementor-widget-text-editor\" data-id=\"55fea27\" data-element_type=\"widget\" data-e-type=\"widget\" data-widget_type=\"text-editor.default\">\n\t\t\t\t<div class=\"elementor-widget-container\">\n\t\t\t\t\t\t\t\t\tGemeinsam mit unseren Partnern haben wir immer das beste Produkt f\u00fcr unsere Kunden. Damit&#8217;s nicht nur sch\u00f6n warm wird, sondern auch bleibt.\t\t\t\t\t\t\t\t<\/div>\n\t\t\t\t<\/div>\n\t\t\t\t<div class=\"elementor-element elementor-element-5df6f3f elementor-mobile-align-center elementor-widget elementor-widget-button\" data-id=\"5df6f3f\" data-element_type=\"widget\" data-e-type=\"widget\" data-widget_type=\"button.default\">\n\t\t\t\t<div class=\"elementor-widget-container\">\n\t\t\t\t\t\t\t\t\t<div class=\"elementor-button-wrapper\">\n\t\t\t\t\t<a class=\"elementor-button elementor-button-link elementor-size-sm elementor-animation-grow\" href=\"\/kontakt\">\n\t\t\t\t\t\t<span class=\"elementor-button-content-wrapper\">\n\t\t\t\t\t\t\t\t\t<span class=\"elementor-button-text\">JETZT KONTAKT AUFNEHMEN<\/span>\n\t\t\t\t\t<\/span>\n\t\t\t\t\t<\/a>\n\t\t\t\t<\/div>\n\t\t\t\t\t\t\t\t<\/div>\n\t\t\t\t<\/div>\n\t\t\t\t\t<\/div>\n\t\t<\/div>\n\t\t\t\t\t<\/div>\n\t\t<\/section>\n\t\t<div class=\"elementor-element elementor-element-5eabfb46 e-flex e-con-boxed e-con e-parent\" data-id=\"5eabfb46\" data-element_type=\"container\" data-e-type=\"container\" data-settings=\"{&quot;background_background&quot;:&quot;classic&quot;}\">\n\t\t\t\t\t<div class=\"e-con-inner\">\n\t\t<div class=\"elementor-element elementor-element-62477112 e-con-full e-flex e-con e-child\" data-id=\"62477112\" data-element_type=\"container\" data-e-type=\"container\">\n\t\t\t\t<div class=\"elementor-element elementor-element-266c49d7 elementor-widget elementor-widget-heading\" data-id=\"266c49d7\" data-element_type=\"widget\" data-e-type=\"widget\" data-widget_type=\"heading.default\">\n\t\t\t\t<div class=\"elementor-widget-container\">\n\t\t\t\t\t<h3 class=\"elementor-heading-title elementor-size-default\">W\u00e4rmeenergie effizient nutzen<\/h3>\t\t\t\t<\/div>\n\t\t\t\t<\/div>\n\t\t\t\t<div class=\"elementor-element elementor-element-7c43a5d9 elementor-widget elementor-widget-text-editor\" data-id=\"7c43a5d9\" data-element_type=\"widget\" data-e-type=\"widget\" data-widget_type=\"text-editor.default\">\n\t\t\t\t<div class=\"elementor-widget-container\">\n\t\t\t\t\t\t\t\t\t<p>Erh\u00f6hen Sie Ihre Energieeffizienz und sparen Sie Kosten mit unseren fortschrittlichen Heizungsl\u00f6sungen. Als Spezialist f\u00fcr Luft-Luft-W\u00e4rmepumpen, Erd-W\u00e4rmepumpen, Solarthermie und Gas-Brennwert-Thermen bieten wir Ihnen individuelle L\u00f6sungen f\u00fcr Ihre Bed\u00fcrfnisse.<\/p>\n<p>Unsere erfahrenen Heizungsanlagentechniker sorgen f\u00fcr eine schnelle und professionelle Installation und stehen Ihnen jederzeit f\u00fcr Fragen rund um Ihre Anlage zur Verf\u00fcgung.<\/p>\n<p>Machen Sie jetzt den ersten Schritt in Richtung Energieeffizienz und treten Sie mit uns in Kontakt. Unsere Experten beraten Sie gerne kostenlos und erstellen Ihnen ein individuelles Angebot, abgestimmt auf Ihre Bed\u00fcrfnisse.<\/p>\t\t\t\t\t\t\t\t<\/div>\n\t\t\t\t<\/div>\n\t\t\t\t<\/div>\n\t\t<div class=\"elementor-element elementor-element-26d919ea e-con-full e-flex e-con e-child\" data-id=\"26d919ea\" data-element_type=\"container\" data-e-type=\"container\">\n\t\t\t\t<div class=\"elementor-element elementor-element-6c1f433c elementor-widget elementor-widget-image\" data-id=\"6c1f433c\" data-element_type=\"widget\" data-e-type=\"widget\" data-widget_type=\"image.default\">\n\t\t\t\t<div class=\"elementor-widget-container\">\n\t\t\t\t\t\t\t\t\t\t\t\t\t\t\t<img fetchpriority=\"high\" decoding=\"async\" width=\"1500\" height=\"1000\" src=\"https:\/\/www.schmidtre.de\/wp\/wp-content\/uploads\/2022\/04\/man-using-a-tablet-in-his-smart-home.jpg\" class=\"attachment-full size-full wp-image-664\" alt=\"\" srcset=\"https:\/\/www.schmidtre.de\/wp\/wp-content\/uploads\/2022\/04\/man-using-a-tablet-in-his-smart-home.jpg 1500w, https:\/\/www.schmidtre.de\/wp\/wp-content\/uploads\/2022\/04\/man-using-a-tablet-in-his-smart-home-300x200.jpg 300w, https:\/\/www.schmidtre.de\/wp\/wp-content\/uploads\/2022\/04\/man-using-a-tablet-in-his-smart-home-1024x683.jpg 1024w, https:\/\/www.schmidtre.de\/wp\/wp-content\/uploads\/2022\/04\/man-using-a-tablet-in-his-smart-home-768x512.jpg 768w\" sizes=\"(max-width: 1500px) 100vw, 1500px\" \/>\t\t\t\t\t\t\t\t\t\t\t\t\t\t\t<\/div>\n\t\t\t\t<\/div>\n\t\t\t\t<\/div>\n\t\t\t\t\t<\/div>\n\t\t\t\t<\/div>\n\t\t<div class=\"elementor-element elementor-element-498ad3c7 e-flex e-con-boxed e-con e-parent\" data-id=\"498ad3c7\" data-element_type=\"container\" data-e-type=\"container\" data-settings=\"{&quot;background_background&quot;:&quot;classic&quot;}\">\n\t\t\t\t\t<div class=\"e-con-inner\">\n\t\t<div class=\"elementor-element elementor-element-b887efa e-con-full e-flex e-con e-child\" data-id=\"b887efa\" data-element_type=\"container\" data-e-type=\"container\">\n\t\t\t\t<div class=\"elementor-element elementor-element-62d16da4 elementor-widget elementor-widget-heading\" data-id=\"62d16da4\" data-element_type=\"widget\" data-e-type=\"widget\" data-widget_type=\"heading.default\">\n\t\t\t\t<div class=\"elementor-widget-container\">\n\t\t\t\t\t<h3 class=\"elementor-heading-title elementor-size-default\">Modernste Heizungssysteme<\/h3>\t\t\t\t<\/div>\n\t\t\t\t<\/div>\n\t\t\t\t<div class=\"elementor-element elementor-element-1cc62988 elementor-widget elementor-widget-text-editor\" data-id=\"1cc62988\" data-element_type=\"widget\" data-e-type=\"widget\" data-widget_type=\"text-editor.default\">\n\t\t\t\t<div class=\"elementor-widget-container\">\n\t\t\t\t\t\t\t\t\t<p>Erh\u00f6hen Sie den Komfort und sparen Sie Energiekosten mit einer modernen Fu\u00dfbodenheizung. Unsere Experten sind auch Spezialisten f\u00fcr den hydraulischen Abgleich und die Wartung existenter Heizungsanlagen.<\/p><p>Mit jahrelanger Erfahrung und modernster Technologie garantieren wir eine zuverl\u00e4ssige und effiziente Heizungsl\u00f6sung f\u00fcr Ihr Zuhause.<\/p><p>Machen Sie einen weiteren Schritt in Richtung Energieeffizienz und lassen Sie sich von unseren Experten beraten. Kontaktieren Sie uns jetzt f\u00fcr eine kostenlose Beratung und Angebotserstellung.<\/p>\t\t\t\t\t\t\t\t<\/div>\n\t\t\t\t<\/div>\n\t\t\t\t<\/div>\n\t\t<div class=\"elementor-element elementor-element-5a7102c4 e-con-full e-flex e-con e-child\" data-id=\"5a7102c4\" data-element_type=\"container\" data-e-type=\"container\">\n\t\t\t\t<div class=\"elementor-element elementor-element-441d73a6 elementor-widget elementor-widget-image\" data-id=\"441d73a6\" data-element_type=\"widget\" data-e-type=\"widget\" data-widget_type=\"image.default\">\n\t\t\t\t<div class=\"elementor-widget-container\">\n\t\t\t\t\t\t\t\t\t\t\t\t\t\t\t<img decoding=\"async\" width=\"2560\" height=\"1706\" src=\"https:\/\/www.schmidtre.de\/wp\/wp-content\/uploads\/2022\/04\/service-man-instelling-house-heating-system-under-the-floor-scaled.jpg\" class=\"attachment-full size-full wp-image-666\" alt=\"\" srcset=\"https:\/\/www.schmidtre.de\/wp\/wp-content\/uploads\/2022\/04\/service-man-instelling-house-heating-system-under-the-floor-scaled.jpg 2560w, https:\/\/www.schmidtre.de\/wp\/wp-content\/uploads\/2022\/04\/service-man-instelling-house-heating-system-under-the-floor-300x200.jpg 300w, https:\/\/www.schmidtre.de\/wp\/wp-content\/uploads\/2022\/04\/service-man-instelling-house-heating-system-under-the-floor-1024x683.jpg 1024w, https:\/\/www.schmidtre.de\/wp\/wp-content\/uploads\/2022\/04\/service-man-instelling-house-heating-system-under-the-floor-768x512.jpg 768w, https:\/\/www.schmidtre.de\/wp\/wp-content\/uploads\/2022\/04\/service-man-instelling-house-heating-system-under-the-floor-1536x1024.jpg 1536w, https:\/\/www.schmidtre.de\/wp\/wp-content\/uploads\/2022\/04\/service-man-instelling-house-heating-system-under-the-floor-2048x1365.jpg 2048w\" sizes=\"(max-width: 2560px) 100vw, 2560px\" \/>\t\t\t\t\t\t\t\t\t\t\t\t\t\t\t<\/div>\n\t\t\t\t<\/div>\n\t\t\t\t<\/div>\n\t\t\t\t\t<\/div>\n\t\t\t\t<\/div>\n\t\t<div class=\"elementor-element elementor-element-f01ed7d e-flex e-con-boxed e-con e-parent\" data-id=\"f01ed7d\" data-element_type=\"container\" data-e-type=\"container\" data-settings=\"{&quot;background_background&quot;:&quot;classic&quot;}\">\n\t\t\t\t\t<div class=\"e-con-inner\">\n\t\t<div class=\"elementor-element elementor-element-e8ca080 e-con-full e-flex e-con e-child\" data-id=\"e8ca080\" data-element_type=\"container\" data-e-type=\"container\">\n\t\t\t\t<div class=\"elementor-element elementor-element-255ed07 elementor-widget elementor-widget-heading\" data-id=\"255ed07\" data-element_type=\"widget\" data-e-type=\"widget\" data-widget_type=\"heading.default\">\n\t\t\t\t<div class=\"elementor-widget-container\">\n\t\t\t\t\t<h2 class=\"elementor-heading-title elementor-size-default\">Damit Probleme gar nicht erst entstehen<\/h2>\t\t\t\t<\/div>\n\t\t\t\t<\/div>\n\t\t\t\t<div class=\"elementor-element elementor-element-3b1659e elementor-widget elementor-widget-text-editor\" data-id=\"3b1659e\" data-element_type=\"widget\" data-e-type=\"widget\" data-widget_type=\"text-editor.default\">\n\t\t\t\t<div class=\"elementor-widget-container\">\n\t\t\t\t\t\t\t\t\t<p>Lassen Sie uns gemeinsam einen Blick auf Ihre Anlage werfen und herausfinden, in welchem Zustand diese ist. Oft kommt es vor, dass Anlagen in die Jahre gekommen sind, aber nach einer professionellen Wartung wieder weitere Jahre zu Ihrer Zufriedenheit funktionieren.<\/p>\t\t\t\t\t\t\t\t<\/div>\n\t\t\t\t<\/div>\n\t\t\t\t<\/div>\n\t\t<div class=\"elementor-element elementor-element-1ddd060 e-con-full e-flex e-con e-child\" data-id=\"1ddd060\" data-element_type=\"container\" data-e-type=\"container\">\n\t\t\t\t<div class=\"elementor-element elementor-element-eba7699 elementor-widget elementor-widget-image\" data-id=\"eba7699\" data-element_type=\"widget\" data-e-type=\"widget\" data-widget_type=\"image.default\">\n\t\t\t\t<div class=\"elementor-widget-container\">\n\t\t\t\t\t\t\t\t\t\t\t\t\t\t\t<img decoding=\"async\" width=\"2560\" height=\"1706\" src=\"https:\/\/www.schmidtre.de\/wp\/wp-content\/uploads\/2022\/04\/service-man-adjusting-house-heating-system-scaled.jpg\" class=\"attachment-full size-full wp-image-670\" alt=\"\" srcset=\"https:\/\/www.schmidtre.de\/wp\/wp-content\/uploads\/2022\/04\/service-man-adjusting-house-heating-system-scaled.jpg 2560w, https:\/\/www.schmidtre.de\/wp\/wp-content\/uploads\/2022\/04\/service-man-adjusting-house-heating-system-300x200.jpg 300w, https:\/\/www.schmidtre.de\/wp\/wp-content\/uploads\/2022\/04\/service-man-adjusting-house-heating-system-1024x683.jpg 1024w, https:\/\/www.schmidtre.de\/wp\/wp-content\/uploads\/2022\/04\/service-man-adjusting-house-heating-system-768x512.jpg 768w, https:\/\/www.schmidtre.de\/wp\/wp-content\/uploads\/2022\/04\/service-man-adjusting-house-heating-system-1536x1024.jpg 1536w, https:\/\/www.schmidtre.de\/wp\/wp-content\/uploads\/2022\/04\/service-man-adjusting-house-heating-system-2048x1365.jpg 2048w\" sizes=\"(max-width: 2560px) 100vw, 2560px\" \/>\t\t\t\t\t\t\t\t\t\t\t\t\t\t\t<\/div>\n\t\t\t\t<\/div>\n\t\t\t\t<\/div>\n\t\t\t\t\t<\/div>\n\t\t\t\t<\/div>\n\t\t\t\t<\/div>\n\t\t","protected":false},"excerpt":{"rendered":"<p>JETZT KONTAKT AUFNEHMEN W\u00e4rmeenergie effizient nutzen Erh\u00f6hen Sie Ihre Energieeffizienz und sparen Sie Kosten mit unseren fortschrittlichen Heizungsl\u00f6sungen. Als Spezialist f\u00fcr Luft-Luft-W\u00e4rmepumpen, Erd-W\u00e4rmepumpen, Solarthermie und Gas-Brennwert-Thermen bieten wir Ihnen individuelle L\u00f6sungen f\u00fcr Ihre Bed\u00fcrfnisse. Unsere erfahrenen Heizungsanlagentechniker sorgen f\u00fcr eine schnelle und professionelle Installation und stehen Ihnen jederzeit f\u00fcr Fragen rund um Ihre Anlage zur [&hellip;]<\/p>\n","protected":false},"author":1,"featured_media":396,"parent":0,"menu_order":0,"comment_status":"closed","ping_status":"closed","template":"","meta":{"_acf_changed":false,"_themeisle_gutenberg_block_has_review":false,"footnotes":""},"class_list":["post-274","page","type-page","status-publish","has-post-thumbnail","hentry"],"acf":[],"yoast_head":"<!-- This site is optimized with the Yoast SEO plugin v27.3 - https:\/\/yoast.com\/product\/yoast-seo-wordpress\/ -->\n<title>Heizung | Schmidt RE<\/title>\n<meta name=\"description\" content=\"Wenn es um Ihr Lieblingswarm zu Hause geht, sind wir Ihr Partner. Von der Planung \u00fcber die Installation bis zur Wartung sind wir f\u00fcr Sie da.\" \/>\n<meta name=\"robots\" content=\"index, follow, max-snippet:-1, max-image-preview:large, max-video-preview:-1\" \/>\n<link rel=\"canonical\" href=\"https:\/\/www.schmidtre.de\/wp\/heizung\/\" \/>\n<meta property=\"og:locale\" content=\"de_DE\" \/>\n<meta property=\"og:type\" content=\"article\" \/>\n<meta property=\"og:title\" content=\"Heizung | Schmidt RE\" \/>\n<meta property=\"og:description\" content=\"Wenn es um Ihr Lieblingswarm zu Hause geht, sind wir Ihr Partner. Von der Planung \u00fcber die Installation bis zur Wartung sind wir f\u00fcr Sie da.\" \/>\n<meta property=\"og:url\" content=\"https:\/\/www.schmidtre.de\/wp\/heizung\/\" \/>\n<meta property=\"og:site_name\" content=\"Schmidt RE\" \/>\n<meta property=\"article:publisher\" content=\"https:\/\/www.facebook.com\/schmidtre.de\/\" \/>\n<meta property=\"article:modified_time\" content=\"2023-08-02T06:47:31+00:00\" \/>\n<meta property=\"og:image\" content=\"https:\/\/www.schmidtre.de\/wp\/wp-content\/uploads\/2022\/09\/01-dan-lefebvre-RFAHj4tI37Y-unsplash-scaled.jpeg\" \/>\n\t<meta property=\"og:image:width\" content=\"2560\" \/>\n\t<meta property=\"og:image:height\" content=\"1708\" \/>\n\t<meta property=\"og:image:type\" content=\"image\/jpeg\" \/>\n<meta name=\"twitter:card\" content=\"summary_large_image\" \/>\n<meta name=\"twitter:label1\" content=\"Gesch\u00e4tzte Lesezeit\" \/>\n\t<meta name=\"twitter:data1\" content=\"2\u00a0Minuten\" \/>\n<!-- \/ Yoast SEO plugin. -->","yoast_head_json":{"title":"Heizung | Schmidt RE","description":"Wenn es um Ihr Lieblingswarm zu Hause geht, sind wir Ihr Partner. Von der Planung \u00fcber die Installation bis zur Wartung sind wir f\u00fcr Sie da.","robots":{"index":"index","follow":"follow","max-snippet":"max-snippet:-1","max-image-preview":"max-image-preview:large","max-video-preview":"max-video-preview:-1"},"canonical":"https:\/\/www.schmidtre.de\/wp\/heizung\/","og_locale":"de_DE","og_type":"article","og_title":"Heizung | Schmidt RE","og_description":"Wenn es um Ihr Lieblingswarm zu Hause geht, sind wir Ihr Partner. Von der Planung \u00fcber die Installation bis zur Wartung sind wir f\u00fcr Sie da.","og_url":"https:\/\/www.schmidtre.de\/wp\/heizung\/","og_site_name":"Schmidt RE","article_publisher":"https:\/\/www.facebook.com\/schmidtre.de\/","article_modified_time":"2023-08-02T06:47:31+00:00","og_image":[{"width":2560,"height":1708,"url":"https:\/\/www.schmidtre.de\/wp\/wp-content\/uploads\/2022\/09\/01-dan-lefebvre-RFAHj4tI37Y-unsplash-scaled.jpeg","type":"image\/jpeg"}],"twitter_card":"summary_large_image","twitter_misc":{"Gesch\u00e4tzte Lesezeit":"2\u00a0Minuten"},"schema":{"@context":"https:\/\/schema.org","@graph":[{"@type":"WebPage","@id":"https:\/\/www.schmidtre.de\/wp\/heizung\/","url":"https:\/\/www.schmidtre.de\/wp\/heizung\/","name":"Heizung | Schmidt RE","isPartOf":{"@id":"https:\/\/www.schmidtre.de\/wp\/#website"},"primaryImageOfPage":{"@id":"https:\/\/www.schmidtre.de\/wp\/heizung\/#primaryimage"},"image":{"@id":"https:\/\/www.schmidtre.de\/wp\/heizung\/#primaryimage"},"thumbnailUrl":"https:\/\/www.schmidtre.de\/wp\/wp-content\/uploads\/2022\/09\/01-dan-lefebvre-RFAHj4tI37Y-unsplash-scaled.jpeg","datePublished":"2022-04-13T20:41:29+00:00","dateModified":"2023-08-02T06:47:31+00:00","description":"Wenn es um Ihr Lieblingswarm zu Hause geht, sind wir Ihr Partner. Von der Planung \u00fcber die Installation bis zur Wartung sind wir f\u00fcr Sie da.","breadcrumb":{"@id":"https:\/\/www.schmidtre.de\/wp\/heizung\/#breadcrumb"},"inLanguage":"de","potentialAction":[{"@type":"ReadAction","target":["https:\/\/www.schmidtre.de\/wp\/heizung\/"]}]},{"@type":"ImageObject","inLanguage":"de","@id":"https:\/\/www.schmidtre.de\/wp\/heizung\/#primaryimage","url":"https:\/\/www.schmidtre.de\/wp\/wp-content\/uploads\/2022\/09\/01-dan-lefebvre-RFAHj4tI37Y-unsplash-scaled.jpeg","contentUrl":"https:\/\/www.schmidtre.de\/wp\/wp-content\/uploads\/2022\/09\/01-dan-lefebvre-RFAHj4tI37Y-unsplash-scaled.jpeg","width":2560,"height":1708,"caption":"Heizthermostat"},{"@type":"BreadcrumbList","@id":"https:\/\/www.schmidtre.de\/wp\/heizung\/#breadcrumb","itemListElement":[{"@type":"ListItem","position":1,"name":"Startseite","item":"https:\/\/www.schmidtre.de\/wp\/"},{"@type":"ListItem","position":2,"name":"Heizung"}]},{"@type":"WebSite","@id":"https:\/\/www.schmidtre.de\/wp\/#website","url":"https:\/\/www.schmidtre.de\/wp\/","name":"Schmidt RE","description":"Ihr Partner f\u00fcr Heizung, Sanit\u00e4r, Haustechnik und mehr im Vest","publisher":{"@id":"https:\/\/www.schmidtre.de\/wp\/#organization"},"potentialAction":[{"@type":"SearchAction","target":{"@type":"EntryPoint","urlTemplate":"https:\/\/www.schmidtre.de\/wp\/?s={search_term_string}"},"query-input":{"@type":"PropertyValueSpecification","valueRequired":true,"valueName":"search_term_string"}}],"inLanguage":"de"},{"@type":"Organization","@id":"https:\/\/www.schmidtre.de\/wp\/#organization","name":"Schmidt RE GmbH & Co KG","alternateName":"Haustechnik Schmidt RE","url":"https:\/\/www.schmidtre.de\/wp\/","logo":{"@type":"ImageObject","inLanguage":"de","@id":"https:\/\/www.schmidtre.de\/wp\/#\/schema\/logo\/image\/","url":"https:\/\/www.schmidtre.de\/wp\/wp-content\/uploads\/2022\/02\/cropped-HaustechnikSchmidtRE_Logo_web.png","contentUrl":"https:\/\/www.schmidtre.de\/wp\/wp-content\/uploads\/2022\/02\/cropped-HaustechnikSchmidtRE_Logo_web.png","width":1074,"height":212,"caption":"Schmidt RE GmbH & Co KG"},"image":{"@id":"https:\/\/www.schmidtre.de\/wp\/#\/schema\/logo\/image\/"},"sameAs":["https:\/\/www.facebook.com\/schmidtre.de\/","https:\/\/www.instagram.com\/schmidtre.de\/"]}]}},"_links":{"self":[{"href":"https:\/\/www.schmidtre.de\/wp\/wp-json\/wp\/v2\/pages\/274","targetHints":{"allow":["GET"]}}],"collection":[{"href":"https:\/\/www.schmidtre.de\/wp\/wp-json\/wp\/v2\/pages"}],"about":[{"href":"https:\/\/www.schmidtre.de\/wp\/wp-json\/wp\/v2\/types\/page"}],"author":[{"embeddable":true,"href":"https:\/\/www.schmidtre.de\/wp\/wp-json\/wp\/v2\/users\/1"}],"replies":[{"embeddable":true,"href":"https:\/\/www.schmidtre.de\/wp\/wp-json\/wp\/v2\/comments?post=274"}],"version-history":[{"count":19,"href":"https:\/\/www.schmidtre.de\/wp\/wp-json\/wp\/v2\/pages\/274\/revisions"}],"predecessor-version":[{"id":919,"href":"https:\/\/www.schmidtre.de\/wp\/wp-json\/wp\/v2\/pages\/274\/revisions\/919"}],"wp:featuredmedia":[{"embeddable":true,"href":"https:\/\/www.schmidtre.de\/wp\/wp-json\/wp\/v2\/media\/396"}],"wp:attachment":[{"href":"https:\/\/www.schmidtre.de\/wp\/wp-json\/wp\/v2\/media?parent=274"}],"curies":[{"name":"wp","href":"https:\/\/api.w.org\/{rel}","templated":true}]}}