{"id":278,"date":"2022-04-13T21:08:12","date_gmt":"2022-04-13T21:08:12","guid":{"rendered":"https:\/\/haustechnik-schmidtre.de\/wp\/?p=278"},"modified":"2023-02-16T21:18:33","modified_gmt":"2023-02-16T21:18:33","slug":"elektrotechnik","status":"publish","type":"page","link":"https:\/\/www.schmidtre.de\/wp\/elektrotechnik\/","title":{"rendered":"Elektrotechnik"},"content":{"rendered":"\t\t<div data-elementor-type=\"wp-page\" data-elementor-id=\"278\" class=\"elementor elementor-278\" data-elementor-post-type=\"page\">\n\t\t\t\t\t\t<section class=\"elementor-section elementor-top-section elementor-element elementor-element-66d60ec2 elementor-section-height-min-height elementor-section-content-middle bgios elementor-section-boxed elementor-section-height-default elementor-section-items-middle\" data-id=\"66d60ec2\" data-element_type=\"section\" data-e-type=\"section\" data-settings=\"{&quot;background_background&quot;:&quot;classic&quot;,&quot;shape_divider_bottom&quot;:&quot;mountains&quot;}\">\n\t\t\t\t\t\t\t<div class=\"elementor-background-overlay\"><\/div>\n\t\t\t\t\t\t<div class=\"elementor-shape elementor-shape-bottom\" aria-hidden=\"true\" data-negative=\"false\">\n\t\t\t<svg xmlns=\"http:\/\/www.w3.org\/2000\/svg\" viewBox=\"0 0 1000 100\" preserveAspectRatio=\"none\">\n\t<path class=\"elementor-shape-fill\" opacity=\"0.33\" d=\"M473,67.3c-203.9,88.3-263.1-34-320.3,0C66,119.1,0,59.7,0,59.7V0h1000v59.7 c0,0-62.1,26.1-94.9,29.3c-32.8,3.3-62.8-12.3-75.8-22.1C806,49.6,745.3,8.7,694.9,4.7S492.4,59,473,67.3z\"\/>\n\t<path class=\"elementor-shape-fill\" opacity=\"0.66\" d=\"M734,67.3c-45.5,0-77.2-23.2-129.1-39.1c-28.6-8.7-150.3-10.1-254,39.1 s-91.7-34.4-149.2,0C115.7,118.3,0,39.8,0,39.8V0h1000v36.5c0,0-28.2-18.5-92.1-18.5C810.2,18.1,775.7,67.3,734,67.3z\"\/>\n\t<path class=\"elementor-shape-fill\" d=\"M766.1,28.9c-200-57.5-266,65.5-395.1,19.5C242,1.8,242,5.4,184.8,20.6C128,35.8,132.3,44.9,89.9,52.5C28.6,63.7,0,0,0,0 h1000c0,0-9.9,40.9-83.6,48.1S829.6,47,766.1,28.9z\"\/>\n<\/svg>\t\t<\/div>\n\t\t\t\t\t<div class=\"elementor-container elementor-column-gap-default\">\n\t\t\t\t\t<div class=\"elementor-column elementor-col-100 elementor-top-column elementor-element elementor-element-48b50b4a\" data-id=\"48b50b4a\" data-element_type=\"column\" data-e-type=\"column\">\n\t\t\t<div class=\"elementor-widget-wrap elementor-element-populated\">\n\t\t\t\t\t\t<div class=\"elementor-element elementor-element-4f17aeec elementor-widget elementor-widget-text-editor\" data-id=\"4f17aeec\" data-element_type=\"widget\" data-e-type=\"widget\" data-widget_type=\"text-editor.default\">\n\t\t\t\t<div class=\"elementor-widget-container\">\n\t\t\t\t\t\t\t\t\tVom Hausanschluss bis in die Wallbox\t\t\t\t\t\t\t\t<\/div>\n\t\t\t\t<\/div>\n\t\t\t\t<div class=\"elementor-element elementor-element-4351be03 elementor-widget elementor-widget-heading\" data-id=\"4351be03\" data-element_type=\"widget\" data-e-type=\"widget\" data-widget_type=\"heading.default\">\n\t\t\t\t<div class=\"elementor-widget-container\">\n\t\t\t\t\t<h2 class=\"elementor-heading-title elementor-size-default\">Kreative Elektrotechnik als Full-Service Bestandteil<\/h2>\t\t\t\t<\/div>\n\t\t\t\t<\/div>\n\t\t\t\t<div class=\"elementor-element elementor-element-40cd1a5 elementor-widget elementor-widget-text-editor\" data-id=\"40cd1a5\" data-element_type=\"widget\" data-e-type=\"widget\" data-widget_type=\"text-editor.default\">\n\t\t\t\t<div class=\"elementor-widget-container\">\n\t\t\t\t\t\t\t\t\tOb Neuinstallation oder Modernisierung &#8211; auf uns k\u00f6nnen Sie als Ihr Partner rund um Elektrotechnik z\u00e4hlen. Wir machen das f\u00fcr Sie.\t\t\t\t\t\t\t\t<\/div>\n\t\t\t\t<\/div>\n\t\t\t\t<div class=\"elementor-element elementor-element-61dac658 elementor-mobile-align-center elementor-widget elementor-widget-button\" data-id=\"61dac658\" data-element_type=\"widget\" data-e-type=\"widget\" data-widget_type=\"button.default\">\n\t\t\t\t<div class=\"elementor-widget-container\">\n\t\t\t\t\t\t\t\t\t<div class=\"elementor-button-wrapper\">\n\t\t\t\t\t<a class=\"elementor-button elementor-button-link elementor-size-sm elementor-animation-grow\" href=\"\/kontakt\">\n\t\t\t\t\t\t<span class=\"elementor-button-content-wrapper\">\n\t\t\t\t\t\t\t\t\t<span class=\"elementor-button-text\">JETZT KONTAKT AUFNEHMEN<\/span>\n\t\t\t\t\t<\/span>\n\t\t\t\t\t<\/a>\n\t\t\t\t<\/div>\n\t\t\t\t\t\t\t\t<\/div>\n\t\t\t\t<\/div>\n\t\t\t\t\t<\/div>\n\t\t<\/div>\n\t\t\t\t\t<\/div>\n\t\t<\/section>\n\t\t<div class=\"elementor-element elementor-element-33421f3a e-flex e-con-boxed e-con e-parent\" data-id=\"33421f3a\" data-element_type=\"container\" data-e-type=\"container\" data-settings=\"{&quot;background_background&quot;:&quot;classic&quot;}\">\n\t\t\t\t\t<div class=\"e-con-inner\">\n\t\t<div class=\"elementor-element elementor-element-7af298e7 e-con-full e-flex e-con e-child\" data-id=\"7af298e7\" data-element_type=\"container\" data-e-type=\"container\">\n\t\t\t\t<div class=\"elementor-element elementor-element-3f5fd7c8 elementor-widget elementor-widget-heading\" data-id=\"3f5fd7c8\" data-element_type=\"widget\" data-e-type=\"widget\" data-widget_type=\"heading.default\">\n\t\t\t\t<div class=\"elementor-widget-container\">\n\t\t\t\t\t<h3 class=\"elementor-heading-title elementor-size-default\">Elektrotechnik und -installation<\/h3>\t\t\t\t<\/div>\n\t\t\t\t<\/div>\n\t\t\t\t<div class=\"elementor-element elementor-element-8feb02 elementor-widget elementor-widget-text-editor\" data-id=\"8feb02\" data-element_type=\"widget\" data-e-type=\"widget\" data-widget_type=\"text-editor.default\">\n\t\t\t\t<div class=\"elementor-widget-container\">\n\t\t\t\t\t\t\t\t\t<p>Unser Fachbetrieb bietet professionelle Elektrotechnik und Elektroinstallationen f\u00fcr Neubau und Sanierung. Hochwertige Materialien und erfahrene Elektriker garantieren eine zuverl\u00e4ssige Umsetzung Ihres Projekts. Kontaktieren Sie uns jetzt f\u00fcr eine Beratung.<\/p>\t\t\t\t\t\t\t\t<\/div>\n\t\t\t\t<\/div>\n\t\t\t\t<\/div>\n\t\t<div class=\"elementor-element elementor-element-6619cb7c e-con-full e-flex e-con e-child\" data-id=\"6619cb7c\" data-element_type=\"container\" data-e-type=\"container\">\n\t\t\t\t<div class=\"elementor-element elementor-element-7a0fc39a elementor-widget elementor-widget-image\" data-id=\"7a0fc39a\" data-element_type=\"widget\" data-e-type=\"widget\" data-widget_type=\"image.default\">\n\t\t\t\t<div class=\"elementor-widget-container\">\n\t\t\t\t\t\t\t\t\t\t\t\t\t\t\t<img fetchpriority=\"high\" decoding=\"async\" width=\"1920\" height=\"1280\" src=\"https:\/\/www.schmidtre.de\/wp\/wp-content\/uploads\/2023\/02\/electric-g752c8e7b2_1920.jpg\" class=\"attachment-full size-full wp-image-733\" alt=\"\" srcset=\"https:\/\/www.schmidtre.de\/wp\/wp-content\/uploads\/2023\/02\/electric-g752c8e7b2_1920.jpg 1920w, https:\/\/www.schmidtre.de\/wp\/wp-content\/uploads\/2023\/02\/electric-g752c8e7b2_1920-300x200.jpg 300w, https:\/\/www.schmidtre.de\/wp\/wp-content\/uploads\/2023\/02\/electric-g752c8e7b2_1920-1024x683.jpg 1024w, https:\/\/www.schmidtre.de\/wp\/wp-content\/uploads\/2023\/02\/electric-g752c8e7b2_1920-768x512.jpg 768w, https:\/\/www.schmidtre.de\/wp\/wp-content\/uploads\/2023\/02\/electric-g752c8e7b2_1920-1536x1024.jpg 1536w\" sizes=\"(max-width: 1920px) 100vw, 1920px\" \/>\t\t\t\t\t\t\t\t\t\t\t\t\t\t\t<\/div>\n\t\t\t\t<\/div>\n\t\t\t\t<\/div>\n\t\t\t\t\t<\/div>\n\t\t\t\t<\/div>\n\t\t<div class=\"elementor-element elementor-element-6f3d3fbd e-flex e-con-boxed e-con e-parent\" data-id=\"6f3d3fbd\" data-element_type=\"container\" data-e-type=\"container\" data-settings=\"{&quot;background_background&quot;:&quot;classic&quot;}\">\n\t\t\t\t\t<div class=\"e-con-inner\">\n\t\t<div class=\"elementor-element elementor-element-1419593e e-con-full e-flex e-con e-child\" data-id=\"1419593e\" data-element_type=\"container\" data-e-type=\"container\">\n\t\t\t\t<div class=\"elementor-element elementor-element-6d84dcde elementor-widget elementor-widget-heading\" data-id=\"6d84dcde\" data-element_type=\"widget\" data-e-type=\"widget\" data-widget_type=\"heading.default\">\n\t\t\t\t<div class=\"elementor-widget-container\">\n\t\t\t\t\t<h3 class=\"elementor-heading-title elementor-size-default\">Rauchwarnmelder, Sicherheit &amp; Klingelanlagen<\/h3>\t\t\t\t<\/div>\n\t\t\t\t<\/div>\n\t\t\t\t<div class=\"elementor-element elementor-element-537b0e82 elementor-widget elementor-widget-text-editor\" data-id=\"537b0e82\" data-element_type=\"widget\" data-e-type=\"widget\" data-widget_type=\"text-editor.default\">\n\t\t\t\t<div class=\"elementor-widget-container\">\n\t\t\t\t\t\t\t\t\t<p>Sie ben\u00f6tigen eine professionelle Wartung Ihrer Rauchmeldeanlagen oder Hilfe bei der Installation und dem Umbau von Klingelanlagen sowie Sicherheitstechnik? Unsere erfahrenen Techniker sorgen f\u00fcr die einwandfreie Funktionalit\u00e4t Ihrer Anlagen, welche Ihr Eigentum vor Feuer, Einbruch und Vandalismus sch\u00fctzen. Kontaktieren Sie uns jetzt, wir beraten Sie gern.<\/p>\t\t\t\t\t\t\t\t<\/div>\n\t\t\t\t<\/div>\n\t\t\t\t<\/div>\n\t\t<div class=\"elementor-element elementor-element-f405df6 e-con-full e-flex e-con e-child\" data-id=\"f405df6\" data-element_type=\"container\" data-e-type=\"container\">\n\t\t\t\t<div class=\"elementor-element elementor-element-879f8ef elementor-widget elementor-widget-image\" data-id=\"879f8ef\" data-element_type=\"widget\" data-e-type=\"widget\" data-widget_type=\"image.default\">\n\t\t\t\t<div class=\"elementor-widget-container\">\n\t\t\t\t\t\t\t\t\t\t\t\t\t\t\t<img decoding=\"async\" width=\"1920\" height=\"1280\" src=\"https:\/\/www.schmidtre.de\/wp\/wp-content\/uploads\/2023\/02\/smoke-alarms-g6bf5394a9_1920.jpg\" class=\"attachment-full size-full wp-image-735\" alt=\"\" srcset=\"https:\/\/www.schmidtre.de\/wp\/wp-content\/uploads\/2023\/02\/smoke-alarms-g6bf5394a9_1920.jpg 1920w, https:\/\/www.schmidtre.de\/wp\/wp-content\/uploads\/2023\/02\/smoke-alarms-g6bf5394a9_1920-300x200.jpg 300w, https:\/\/www.schmidtre.de\/wp\/wp-content\/uploads\/2023\/02\/smoke-alarms-g6bf5394a9_1920-1024x683.jpg 1024w, https:\/\/www.schmidtre.de\/wp\/wp-content\/uploads\/2023\/02\/smoke-alarms-g6bf5394a9_1920-768x512.jpg 768w, https:\/\/www.schmidtre.de\/wp\/wp-content\/uploads\/2023\/02\/smoke-alarms-g6bf5394a9_1920-1536x1024.jpg 1536w\" sizes=\"(max-width: 1920px) 100vw, 1920px\" \/>\t\t\t\t\t\t\t\t\t\t\t\t\t\t\t<\/div>\n\t\t\t\t<\/div>\n\t\t\t\t<\/div>\n\t\t\t\t\t<\/div>\n\t\t\t\t<\/div>\n\t\t<div class=\"elementor-element elementor-element-561de0ee e-flex e-con-boxed e-con e-parent\" data-id=\"561de0ee\" data-element_type=\"container\" data-e-type=\"container\" data-settings=\"{&quot;background_background&quot;:&quot;classic&quot;}\">\n\t\t\t\t\t<div class=\"e-con-inner\">\n\t\t<div class=\"elementor-element elementor-element-38276d0d e-con-full e-flex e-con e-child\" data-id=\"38276d0d\" data-element_type=\"container\" data-e-type=\"container\">\n\t\t\t\t<div class=\"elementor-element elementor-element-383f8f elementor-widget elementor-widget-heading\" data-id=\"383f8f\" data-element_type=\"widget\" data-e-type=\"widget\" data-widget_type=\"heading.default\">\n\t\t\t\t<div class=\"elementor-widget-container\">\n\t\t\t\t\t<h3 class=\"elementor-heading-title elementor-size-default\">St\u00f6rung &amp; Wartung<\/h3>\t\t\t\t<\/div>\n\t\t\t\t<\/div>\n\t\t\t\t<div class=\"elementor-element elementor-element-793e44dd elementor-widget elementor-widget-text-editor\" data-id=\"793e44dd\" data-element_type=\"widget\" data-e-type=\"widget\" data-widget_type=\"text-editor.default\">\n\t\t\t\t<div class=\"elementor-widget-container\">\n\t\t\t\t\t\t\t\t\t<p>Wir bieten Ihnen dar\u00fcber hinaus zuverl\u00e4ssige Hilfe bei der St\u00f6rungssuche und Fehlerbehebung f\u00fcr Ihre Elektroanlagen. Unsere erfahrenen Techniker beheben das Problem schnell und effizient. Kontaktieren Sie uns jetzt f\u00fcr schnelle Hilfe.<\/p>\t\t\t\t\t\t\t\t<\/div>\n\t\t\t\t<\/div>\n\t\t\t\t<\/div>\n\t\t<div class=\"elementor-element elementor-element-67940e23 e-con-full e-flex e-con e-child\" data-id=\"67940e23\" data-element_type=\"container\" data-e-type=\"container\">\n\t\t\t\t<div class=\"elementor-element elementor-element-4e2850a9 elementor-widget elementor-widget-image\" data-id=\"4e2850a9\" data-element_type=\"widget\" data-e-type=\"widget\" data-widget_type=\"image.default\">\n\t\t\t\t<div class=\"elementor-widget-container\">\n\t\t\t\t\t\t\t\t\t\t\t\t\t\t\t<img decoding=\"async\" width=\"2560\" height=\"1707\" src=\"https:\/\/www.schmidtre.de\/wp\/wp-content\/uploads\/2023\/02\/ein-elektrotechniker-der-in-einer-schalttafel-mit-sicherungen-arbeitet-verwendet-ein-tablet-scaled.jpg\" class=\"attachment-full size-full wp-image-736\" alt=\"\" srcset=\"https:\/\/www.schmidtre.de\/wp\/wp-content\/uploads\/2023\/02\/ein-elektrotechniker-der-in-einer-schalttafel-mit-sicherungen-arbeitet-verwendet-ein-tablet-scaled.jpg 2560w, https:\/\/www.schmidtre.de\/wp\/wp-content\/uploads\/2023\/02\/ein-elektrotechniker-der-in-einer-schalttafel-mit-sicherungen-arbeitet-verwendet-ein-tablet-300x200.jpg 300w, https:\/\/www.schmidtre.de\/wp\/wp-content\/uploads\/2023\/02\/ein-elektrotechniker-der-in-einer-schalttafel-mit-sicherungen-arbeitet-verwendet-ein-tablet-1024x683.jpg 1024w, https:\/\/www.schmidtre.de\/wp\/wp-content\/uploads\/2023\/02\/ein-elektrotechniker-der-in-einer-schalttafel-mit-sicherungen-arbeitet-verwendet-ein-tablet-768x512.jpg 768w, https:\/\/www.schmidtre.de\/wp\/wp-content\/uploads\/2023\/02\/ein-elektrotechniker-der-in-einer-schalttafel-mit-sicherungen-arbeitet-verwendet-ein-tablet-1536x1024.jpg 1536w, https:\/\/www.schmidtre.de\/wp\/wp-content\/uploads\/2023\/02\/ein-elektrotechniker-der-in-einer-schalttafel-mit-sicherungen-arbeitet-verwendet-ein-tablet-2048x1365.jpg 2048w\" sizes=\"(max-width: 2560px) 100vw, 2560px\" \/>\t\t\t\t\t\t\t\t\t\t\t\t\t\t\t<\/div>\n\t\t\t\t<\/div>\n\t\t\t\t<\/div>\n\t\t\t\t\t<\/div>\n\t\t\t\t<\/div>\n\t\t\t\t<\/div>\n\t\t","protected":false},"excerpt":{"rendered":"<p>JETZT KONTAKT AUFNEHMEN Elektrotechnik und -installation Unser Fachbetrieb bietet professionelle Elektrotechnik und Elektroinstallationen f\u00fcr Neubau und Sanierung. Hochwertige Materialien und erfahrene Elektriker garantieren eine zuverl\u00e4ssige Umsetzung Ihres Projekts. Kontaktieren Sie uns jetzt f\u00fcr eine Beratung. Rauchwarnmelder, Sicherheit &#038; Klingelanlagen Sie ben\u00f6tigen eine professionelle Wartung Ihrer Rauchmeldeanlagen oder Hilfe bei der Installation und dem Umbau von [&hellip;]<\/p>\n","protected":false},"author":1,"featured_media":389,"parent":0,"menu_order":2,"comment_status":"closed","ping_status":"closed","template":"","meta":{"_acf_changed":false,"_themeisle_gutenberg_block_has_review":false,"footnotes":""},"class_list":["post-278","page","type-page","status-publish","has-post-thumbnail","hentry"],"acf":[],"yoast_head":"<!-- This site is optimized with the Yoast SEO plugin v27.5 - https:\/\/yoast.com\/product\/yoast-seo-wordpress\/ -->\n<title>Elektrotechnik | Schmidt RE<\/title>\n<meta name=\"description\" content=\"Ob Neuinstallation oder Modernisierung - auf uns k\u00f6nnen Sie als Ihr Partner rund um Elektrotechnik z\u00e4hlen. Wir sind Ihr Elektriker in Recklinghausen.\" \/>\n<meta name=\"robots\" content=\"index, follow, max-snippet:-1, max-image-preview:large, max-video-preview:-1\" \/>\n<link rel=\"canonical\" href=\"https:\/\/www.schmidtre.de\/wp\/elektrotechnik\/\" \/>\n<meta property=\"og:locale\" content=\"de_DE\" \/>\n<meta property=\"og:type\" content=\"article\" \/>\n<meta property=\"og:title\" content=\"Elektrotechnik | Schmidt RE\" \/>\n<meta property=\"og:description\" content=\"Ob Neuinstallation oder Modernisierung - auf uns k\u00f6nnen Sie als Ihr Partner rund um Elektrotechnik z\u00e4hlen. Wir sind Ihr Elektriker in Recklinghausen.\" \/>\n<meta property=\"og:url\" content=\"https:\/\/www.schmidtre.de\/wp\/elektrotechnik\/\" \/>\n<meta property=\"og:site_name\" content=\"Schmidt RE\" \/>\n<meta property=\"article:publisher\" content=\"https:\/\/www.facebook.com\/schmidtre.de\/\" \/>\n<meta property=\"article:modified_time\" content=\"2023-02-16T21:18:33+00:00\" \/>\n<meta property=\"og:image\" content=\"https:\/\/www.schmidtre.de\/wp\/wp-content\/uploads\/2022\/09\/03-chuttersnap-xfaYAsMV1p8-unsplash-scaled.jpeg\" \/>\n\t<meta property=\"og:image:width\" content=\"2560\" \/>\n\t<meta property=\"og:image:height\" content=\"1703\" \/>\n\t<meta property=\"og:image:type\" content=\"image\/jpeg\" \/>\n<meta name=\"twitter:card\" content=\"summary_large_image\" \/>\n<meta name=\"twitter:label1\" content=\"Gesch\u00e4tzte Lesezeit\" \/>\n\t<meta name=\"twitter:data1\" content=\"2\u00a0Minuten\" \/>\n<!-- \/ Yoast SEO plugin. -->","yoast_head_json":{"title":"Elektrotechnik | Schmidt RE","description":"Ob Neuinstallation oder Modernisierung - auf uns k\u00f6nnen Sie als Ihr Partner rund um Elektrotechnik z\u00e4hlen. Wir sind Ihr Elektriker in Recklinghausen.","robots":{"index":"index","follow":"follow","max-snippet":"max-snippet:-1","max-image-preview":"max-image-preview:large","max-video-preview":"max-video-preview:-1"},"canonical":"https:\/\/www.schmidtre.de\/wp\/elektrotechnik\/","og_locale":"de_DE","og_type":"article","og_title":"Elektrotechnik | Schmidt RE","og_description":"Ob Neuinstallation oder Modernisierung - auf uns k\u00f6nnen Sie als Ihr Partner rund um Elektrotechnik z\u00e4hlen. Wir sind Ihr Elektriker in Recklinghausen.","og_url":"https:\/\/www.schmidtre.de\/wp\/elektrotechnik\/","og_site_name":"Schmidt RE","article_publisher":"https:\/\/www.facebook.com\/schmidtre.de\/","article_modified_time":"2023-02-16T21:18:33+00:00","og_image":[{"width":2560,"height":1703,"url":"https:\/\/www.schmidtre.de\/wp\/wp-content\/uploads\/2022\/09\/03-chuttersnap-xfaYAsMV1p8-unsplash-scaled.jpeg","type":"image\/jpeg"}],"twitter_card":"summary_large_image","twitter_misc":{"Gesch\u00e4tzte Lesezeit":"2\u00a0Minuten"},"schema":{"@context":"https:\/\/schema.org","@graph":[{"@type":"WebPage","@id":"https:\/\/www.schmidtre.de\/wp\/elektrotechnik\/","url":"https:\/\/www.schmidtre.de\/wp\/elektrotechnik\/","name":"Elektrotechnik | Schmidt RE","isPartOf":{"@id":"https:\/\/www.schmidtre.de\/wp\/#website"},"primaryImageOfPage":{"@id":"https:\/\/www.schmidtre.de\/wp\/elektrotechnik\/#primaryimage"},"image":{"@id":"https:\/\/www.schmidtre.de\/wp\/elektrotechnik\/#primaryimage"},"thumbnailUrl":"https:\/\/www.schmidtre.de\/wp\/wp-content\/uploads\/2022\/09\/03-chuttersnap-xfaYAsMV1p8-unsplash-scaled.jpeg","datePublished":"2022-04-13T21:08:12+00:00","dateModified":"2023-02-16T21:18:33+00:00","description":"Ob Neuinstallation oder Modernisierung - auf uns k\u00f6nnen Sie als Ihr Partner rund um Elektrotechnik z\u00e4hlen. Wir sind Ihr Elektriker in Recklinghausen.","breadcrumb":{"@id":"https:\/\/www.schmidtre.de\/wp\/elektrotechnik\/#breadcrumb"},"inLanguage":"de","potentialAction":[{"@type":"ReadAction","target":["https:\/\/www.schmidtre.de\/wp\/elektrotechnik\/"]}]},{"@type":"ImageObject","inLanguage":"de","@id":"https:\/\/www.schmidtre.de\/wp\/elektrotechnik\/#primaryimage","url":"https:\/\/www.schmidtre.de\/wp\/wp-content\/uploads\/2022\/09\/03-chuttersnap-xfaYAsMV1p8-unsplash-scaled.jpeg","contentUrl":"https:\/\/www.schmidtre.de\/wp\/wp-content\/uploads\/2022\/09\/03-chuttersnap-xfaYAsMV1p8-unsplash-scaled.jpeg","width":2560,"height":1703,"caption":"Ladestecker in Elektrofahrzeug"},{"@type":"BreadcrumbList","@id":"https:\/\/www.schmidtre.de\/wp\/elektrotechnik\/#breadcrumb","itemListElement":[{"@type":"ListItem","position":1,"name":"Startseite","item":"https:\/\/www.schmidtre.de\/wp\/"},{"@type":"ListItem","position":2,"name":"Elektrotechnik"}]},{"@type":"WebSite","@id":"https:\/\/www.schmidtre.de\/wp\/#website","url":"https:\/\/www.schmidtre.de\/wp\/","name":"Schmidt RE","description":"Ihr Partner f\u00fcr Heizung, Sanit\u00e4r, Haustechnik und mehr im Vest","publisher":{"@id":"https:\/\/www.schmidtre.de\/wp\/#organization"},"potentialAction":[{"@type":"SearchAction","target":{"@type":"EntryPoint","urlTemplate":"https:\/\/www.schmidtre.de\/wp\/?s={search_term_string}"},"query-input":{"@type":"PropertyValueSpecification","valueRequired":true,"valueName":"search_term_string"}}],"inLanguage":"de"},{"@type":"Organization","@id":"https:\/\/www.schmidtre.de\/wp\/#organization","name":"Schmidt RE GmbH & Co KG","alternateName":"Haustechnik Schmidt RE","url":"https:\/\/www.schmidtre.de\/wp\/","logo":{"@type":"ImageObject","inLanguage":"de","@id":"https:\/\/www.schmidtre.de\/wp\/#\/schema\/logo\/image\/","url":"https:\/\/www.schmidtre.de\/wp\/wp-content\/uploads\/2022\/02\/cropped-HaustechnikSchmidtRE_Logo_web.png","contentUrl":"https:\/\/www.schmidtre.de\/wp\/wp-content\/uploads\/2022\/02\/cropped-HaustechnikSchmidtRE_Logo_web.png","width":1074,"height":212,"caption":"Schmidt RE GmbH & Co KG"},"image":{"@id":"https:\/\/www.schmidtre.de\/wp\/#\/schema\/logo\/image\/"},"sameAs":["https:\/\/www.facebook.com\/schmidtre.de\/","https:\/\/www.instagram.com\/schmidtre.de\/"]}]}},"_links":{"self":[{"href":"https:\/\/www.schmidtre.de\/wp\/wp-json\/wp\/v2\/pages\/278","targetHints":{"allow":["GET"]}}],"collection":[{"href":"https:\/\/www.schmidtre.de\/wp\/wp-json\/wp\/v2\/pages"}],"about":[{"href":"https:\/\/www.schmidtre.de\/wp\/wp-json\/wp\/v2\/types\/page"}],"author":[{"embeddable":true,"href":"https:\/\/www.schmidtre.de\/wp\/wp-json\/wp\/v2\/users\/1"}],"replies":[{"embeddable":true,"href":"https:\/\/www.schmidtre.de\/wp\/wp-json\/wp\/v2\/comments?post=278"}],"version-history":[{"count":9,"href":"https:\/\/www.schmidtre.de\/wp\/wp-json\/wp\/v2\/pages\/278\/revisions"}],"predecessor-version":[{"id":860,"href":"https:\/\/www.schmidtre.de\/wp\/wp-json\/wp\/v2\/pages\/278\/revisions\/860"}],"wp:featuredmedia":[{"embeddable":true,"href":"https:\/\/www.schmidtre.de\/wp\/wp-json\/wp\/v2\/media\/389"}],"wp:attachment":[{"href":"https:\/\/www.schmidtre.de\/wp\/wp-json\/wp\/v2\/media?parent=278"}],"curies":[{"name":"wp","href":"https:\/\/api.w.org\/{rel}","templated":true}]}}